{"id":704,"date":"2017-07-12T14:13:00","date_gmt":"2017-07-12T14:13:00","guid":{"rendered":"http:\/\/www.lapirasrl.com\/site\/materiaux\/"},"modified":"2020-01-10T07:51:23","modified_gmt":"2020-01-10T07:51:23","slug":"materiaux","status":"publish","type":"page","link":"https:\/\/www.lapirasrl.com\/fr\/materiaux\/","title":{"rendered":"Mat\u00e9riaux"},"content":{"rendered":"<div class=\"wpb-content-wrapper\">[mk_page_section bg_image=\u00a0\u00bbhttp:\/\/www.lapirasrl.com\/site\/wp-content\/uploads\/2017\/05\/materiali-header.jpg\u00a0\u00bb bg_position=\u00a0\u00bbcenter center\u00a0\u00bb bg_repeat=\u00a0\u00bbno-repeat\u00a0\u00bb bg_stretch=\u00a0\u00bbtrue\u00a0\u00bb enable_3d=\u00a0\u00bbtrue\u00a0\u00bb sidebar=\u00a0\u00bbsidebar-1&Prime;][vc_column][mk_padding_divider size=\u00a0\u00bb220&Prime;][mk_image src=\u00a0\u00bbhttp:\/\/www.lapirasrl.com\/site\/wp-content\/uploads\/2017\/07\/materialii-title-shadow-fra.png\u00a0\u00bb image_size=\u00a0\u00bbfull\u00a0\u00bb align=\u00a0\u00bbcenter\u00a0\u00bb][vc_row_inner][vc_column_inner width=\u00a0\u00bb1\/4&Prime;][\/vc_column_inner][vc_column_inner width=\u00a0\u00bb1\/2&Prime;][vc_custom_heading text=\u00a0\u00bbLa tradition artisanale la plus antique de l\u2019humanit\u00e9 avec la technologie la  plus moderne.\u00a0\u00bb font_container=\u00a0\u00bbtag:p|font_size:32|text_align:center|color:%23ffffff|line_height:1.5&Prime; google_fonts=\u00a0\u00bbfont_family:Merriweather%3A300%2C300italic%2Cregular%2Citalic%2C700%2C700italic%2C900%2C900italic|font_style:400%20regular%3A400%3Anormal\u00a0\u00bb][\/vc_column_inner][vc_column_inner width=\u00a0\u00bb1\/4&Prime;][\/vc_column_inner][\/vc_row_inner][mk_padding_divider size=\u00a0\u00bb220&Prime;][\/vc_column][\/mk_page_section][mk_page_section bg_image=\u00a0\u00bbhttp:\/\/www.lapirasrl.com\/site\/wp-content\/uploads\/2017\/05\/sfondo-materiali-01.jpg\u00a0\u00bb bg_color=\u00a0\u00bb#bababa\u00a0\u00bb bg_repeat=\u00a0\u00bbrepeat-x\u00a0\u00bb bg_stretch=\u00a0\u00bbtrue\u00a0\u00bb sidebar=\u00a0\u00bbsidebar-1&Prime;][vc_column][mk_padding_divider size=\u00a0\u00bb60&Prime;][vc_row_inner][vc_column_inner width=\u00a0\u00bb1\/2&Prime;][mk_fancy_title color=\u00a0\u00bb#ffffff\u00a0\u00bb size=\u00a0\u00bb48&Prime; font_weight=\u00a0\u00bbbold\u00a0\u00bb font_family=\u00a0\u00bbRaleway\u00a0\u00bb font_type=\u00a0\u00bbgoogle\u00a0\u00bb align=\u00a0\u00bbright\u00a0\u00bb animation=\u00a0\u00bbflip-y\u00a0\u00bb]Pierre de Cogne[\/mk_fancy_title][\/vc_column_inner][vc_column_inner width=\u00a0\u00bb1\/2&Prime;][vc_custom_heading text=\u00a0\u00bbUn mat\u00e9riau de prestige et d\u2019 \u00e9l\u00e9gance, notre fiert\u00e9, fabriqu\u00e9 uniquement  \u00e0 partir de deux carri\u00e9res dans le monde, travaill\u00e9  avec respect.\u00a0\u00bb font_container=\u00a0\u00bbtag:p|font_size:24|text_align:left|color:%23ffffff\u00a0\u00bb google_fonts=\u00a0\u00bbfont_family:Merriweather%3A300%2C300italic%2Cregular%2Citalic%2C700%2C700italic%2C900%2C900italic|font_style:300%20light%20regular%3A300%3Anormal\u00a0\u00bb css_animation=\u00a0\u00bbfadeInLeft\u00a0\u00bb][\/vc_column_inner][\/vc_row_inner][vc_masonry_media_grid element_width=\u00a0\u00bb3&Prime; item=\u00a0\u00bb120&Prime; grid_id=\u00a0\u00bbvc_gid:1578642651016-b9201ca293328879133ca0af98a3165d-4&Prime; include=\u00a0\u00bb48,49,50,47&Prime;][mk_padding_divider][\/vc_column][\/mk_page_section][mk_page_section bg_image=\u00a0\u00bbhttp:\/\/www.lapirasrl.com\/site\/wp-content\/uploads\/2017\/05\/sfondo-materiali-02.jpg\u00a0\u00bb bg_color=\u00a0\u00bb#565656&Prime; bg_repeat=\u00a0\u00bbrepeat-x\u00a0\u00bb bg_stretch=\u00a0\u00bbtrue\u00a0\u00bb sidebar=\u00a0\u00bbsidebar-1&Prime;][vc_column][mk_padding_divider][vc_row_inner][vc_column_inner width=\u00a0\u00bb1\/2&Prime;][mk_fancy_title color=\u00a0\u00bb#ffffff\u00a0\u00bb size=\u00a0\u00bb48&Prime; font_weight=\u00a0\u00bbbold\u00a0\u00bb font_family=\u00a0\u00bbRaleway\u00a0\u00bb font_type=\u00a0\u00bbgoogle\u00a0\u00bb align=\u00a0\u00bbright\u00a0\u00bb animation=\u00a0\u00bbflip-y\u00a0\u00bb]Pierre de Morgex[\/mk_fancy_title][\/vc_column_inner][vc_column_inner width=\u00a0\u00bb1\/2&Prime;][vc_custom_heading text=\u00a0\u00bbNous avons ramen\u00e9 \u00e0 son antique splendeur cette pierre de grande beaut\u00e9 et  d\u2019 excellente qualit\u00e8 de construction\u00a0\u00bb font_container=\u00a0\u00bbtag:p|font_size:24|text_align:left|color:%23ffffff\u00a0\u00bb google_fonts=\u00a0\u00bbfont_family:Merriweather%3A300%2C300italic%2Cregular%2Citalic%2C700%2C700italic%2C900%2C900italic|font_style:300%20light%20regular%3A300%3Anormal\u00a0\u00bb css_animation=\u00a0\u00bbfadeInLeft\u00a0\u00bb][\/vc_column_inner][\/vc_row_inner][vc_masonry_media_grid element_width=\u00a0\u00bb3&Prime; item=\u00a0\u00bb120&Prime; grid_id=\u00a0\u00bbvc_gid:1578642651243-bc475bb82f1af2cb2b4570d716e4db7f-4&Prime; include=\u00a0\u00bb62,63,64,771&Prime;][mk_padding_divider][\/vc_column][\/mk_page_section][mk_page_section bg_image=\u00a0\u00bbhttp:\/\/www.lapirasrl.com\/site\/wp-content\/uploads\/2017\/05\/sfondo-materiali-03.jpg\u00a0\u00bb bg_color=\u00a0\u00bb#c9c9c9&Prime; bg_repeat=\u00a0\u00bbrepeat-x\u00a0\u00bb bg_stretch=\u00a0\u00bbtrue\u00a0\u00bb sidebar=\u00a0\u00bbsidebar-1&Prime;][vc_column][mk_padding_divider][vc_row_inner][vc_column_inner width=\u00a0\u00bb1\/2&Prime;][mk_fancy_title color=\u00a0\u00bb#ffffff\u00a0\u00bb size=\u00a0\u00bb48&Prime; font_weight=\u00a0\u00bbbold\u00a0\u00bb font_family=\u00a0\u00bbRaleway\u00a0\u00bb font_type=\u00a0\u00bbgoogle\u00a0\u00bb align=\u00a0\u00bbright\u00a0\u00bb animation=\u00a0\u00bbflip-y\u00a0\u00bb]Autres materiaux[\/mk_fancy_title][\/vc_column_inner][vc_column_inner width=\u00a0\u00bb1\/2&Prime;][vc_custom_heading text=\u00a0\u00bbNous travaillons avec passion une gamme importante de mat\u00e9riaux de haute qualit\u00e9 provenant d\u2019Italie et du  monde entier.\u00a0\u00bb font_container=\u00a0\u00bbtag:p|font_size:24|text_align:left|color:%23ffffff\u00a0\u00bb google_fonts=\u00a0\u00bbfont_family:Merriweather%3A300%2C300italic%2Cregular%2Citalic%2C700%2C700italic%2C900%2C900italic|font_style:300%20light%20regular%3A300%3Anormal\u00a0\u00bb css_animation=\u00a0\u00bbfadeInLeft\u00a0\u00bb][\/vc_column_inner][\/vc_row_inner][vc_masonry_media_grid element_width=\u00a0\u00bb3&Prime; item=\u00a0\u00bb120&Prime; grid_id=\u00a0\u00bbvc_gid:1578642651524-e16a2194ea88411c156d4208e138ac8c-0&Prime; include=\u00a0\u00bb66,529,530,1411,67,68,69,70,71,72,73,74,75,76,77,78,79,80,81,82,83,84,85,86,87,88,89,90,91,92,93,768&Prime;][mk_padding_divider size=\u00a0\u00bb60&Prime;][\/vc_column][\/mk_page_section]\n<\/div>","protected":false},"excerpt":{"rendered":"<p>[mk_page_section bg_image=\u00a0\u00bbhttp:\/\/www.lapirasrl.com\/site\/wp-content\/uploads\/2017\/05\/materiali-header.jpg\u00a0\u00bb bg_position=\u00a0\u00bbcenter center\u00a0\u00bb bg_repeat=\u00a0\u00bbno-repeat\u00a0\u00bb bg_stretch=\u00a0\u00bbtrue\u00a0\u00bb enable_3d=\u00a0\u00bbtrue\u00a0\u00bb sidebar=\u00a0\u00bbsidebar-1&Prime;][vc_column][mk_padding_divider size=\u00a0\u00bb220&Prime;][mk_image src=\u00a0\u00bbhttp:\/\/www.lapirasrl.com\/site\/wp-content\/uploads\/2017\/07\/materialii-title-shadow-fra.png\u00a0\u00bb image_size=\u00a0\u00bbfull\u00a0\u00bb align=\u00a0\u00bbcenter\u00a0\u00bb][vc_row_inner][vc_column_inner width=\u00a0\u00bb1\/4&Prime;][\/vc_column_inner][vc_column_inner width=\u00a0\u00bb1\/2&Prime;][vc_custom_heading text=\u00a0\u00bbLa tradition artisanale la plus antique de l\u2019humanit\u00e9 avec la technologie la plus moderne.\u00a0\u00bb font_container=\u00a0\u00bbtag:p|font_size:32|text_align:center|color:%23ffffff|line_height:1.5&Prime; google_fonts=\u00a0\u00bbfont_family:Merriweather%3A300%2C300italic%2Cregular%2Citalic%2C700%2C700italic%2C900%2C900italic|font_style:400%20regular%3A400%3Anormal\u00a0\u00bb][\/vc_column_inner][vc_column_inner width=\u00a0\u00bb1\/4&Prime;][\/vc_column_inner][\/vc_row_inner][mk_padding_divider size=\u00a0\u00bb220&Prime;][\/vc_column][\/mk_page_section][mk_page_section bg_image=\u00a0\u00bbhttp:\/\/www.lapirasrl.com\/site\/wp-content\/uploads\/2017\/05\/sfondo-materiali-01.jpg\u00a0\u00bb bg_color=\u00a0\u00bb#bababa\u00a0\u00bb bg_repeat=\u00a0\u00bbrepeat-x\u00a0\u00bb bg_stretch=\u00a0\u00bbtrue\u00a0\u00bb sidebar=\u00a0\u00bbsidebar-1&Prime;][vc_column][mk_padding_divider size=\u00a0\u00bb60&Prime;][vc_row_inner][vc_column_inner width=\u00a0\u00bb1\/2&Prime;][mk_fancy_title color=\u00a0\u00bb#ffffff\u00a0\u00bb size=\u00a0\u00bb48&Prime; font_weight=\u00a0\u00bbbold\u00a0\u00bb font_family=\u00a0\u00bbRaleway\u00a0\u00bb font_type=\u00a0\u00bbgoogle\u00a0\u00bb align=\u00a0\u00bbright\u00a0\u00bb animation=\u00a0\u00bbflip-y\u00a0\u00bb]Pierre de Cogne[\/mk_fancy_title][\/vc_column_inner][vc_column_inner width=\u00a0\u00bb1\/2&Prime;][vc_custom_heading text=\u00a0\u00bbUn mat\u00e9riau de prestige et d\u2019 [&hellip;]<\/p>\n","protected":false},"author":1,"featured_media":0,"parent":0,"menu_order":0,"comment_status":"closed","ping_status":"closed","template":"","meta":{"footnotes":""},"class_list":["post-704","page","type-page","status-publish","hentry"],"yoast_head":"<!-- This site is optimized with the Yoast SEO plugin v23.8 - https:\/\/yoast.com\/wordpress\/plugins\/seo\/ -->\n<title>Pierre naturelle, marbre, granit - La Pira<\/title>\n<meta name=\"description\" content=\"Nous travaillons avec passion une gamme importante de pierres naturelles de haute qualit\u00e9 provenant d\u2019Italie et du monde entier.\" \/>\n<meta name=\"robots\" content=\"index, follow, max-snippet:-1, max-image-preview:large, max-video-preview:-1\" \/>\n<link rel=\"canonical\" href=\"https:\/\/www.lapirasrl.com\/fr\/materiaux\/\" \/>\n<meta property=\"og:locale\" content=\"fr_FR\" \/>\n<meta property=\"og:type\" content=\"article\" \/>\n<meta property=\"og:title\" content=\"Pierre naturelle, marbre, granit - La Pira\" \/>\n<meta property=\"og:description\" content=\"Nous travaillons avec passion une gamme importante de pierres naturelles de haute qualit\u00e9 provenant d\u2019Italie et du monde entier.\" \/>\n<meta property=\"og:url\" content=\"https:\/\/www.lapirasrl.com\/fr\/materiaux\/\" \/>\n<meta property=\"og:site_name\" content=\"La Pira\" \/>\n<meta property=\"article:publisher\" content=\"https:\/\/www.facebook.com\/lapirasrl\/\" \/>\n<meta property=\"article:modified_time\" content=\"2020-01-10T07:51:23+00:00\" \/>\n<meta property=\"og:image\" content=\"https:\/\/www.lapirasrl.com\/site\/wp-content\/uploads\/2017\/05\/headerlogo.png\" \/>\n\t<meta property=\"og:image:width\" content=\"250\" \/>\n\t<meta property=\"og:image:height\" content=\"66\" \/>\n\t<meta property=\"og:image:type\" content=\"image\/png\" \/>\n<meta name=\"twitter:card\" content=\"summary_large_image\" \/>\n<meta name=\"twitter:label1\" content=\"Dur\u00e9e de lecture estim\u00e9e\" \/>\n\t<meta name=\"twitter:data1\" content=\"3 minutes\" \/>\n<script type=\"application\/ld+json\" class=\"yoast-schema-graph\">{\"@context\":\"https:\/\/schema.org\",\"@graph\":[{\"@type\":\"WebPage\",\"@id\":\"https:\/\/www.lapirasrl.com\/fr\/materiaux\/\",\"url\":\"https:\/\/www.lapirasrl.com\/fr\/materiaux\/\",\"name\":\"Pierre naturelle, marbre, granit - La Pira\",\"isPartOf\":{\"@id\":\"https:\/\/www.lapirasrl.com\/#website\"},\"datePublished\":\"2017-07-12T14:13:00+00:00\",\"dateModified\":\"2020-01-10T07:51:23+00:00\",\"description\":\"Nous travaillons avec passion une gamme importante de pierres naturelles de haute qualit\u00e9 provenant d\u2019Italie et du monde entier.\",\"breadcrumb\":{\"@id\":\"https:\/\/www.lapirasrl.com\/fr\/materiaux\/#breadcrumb\"},\"inLanguage\":\"fr-FR\",\"potentialAction\":[{\"@type\":\"ReadAction\",\"target\":[\"https:\/\/www.lapirasrl.com\/fr\/materiaux\/\"]}]},{\"@type\":\"BreadcrumbList\",\"@id\":\"https:\/\/www.lapirasrl.com\/fr\/materiaux\/#breadcrumb\",\"itemListElement\":[{\"@type\":\"ListItem\",\"position\":1,\"name\":\"Home\",\"item\":\"https:\/\/www.lapirasrl.com\/fr\/\"},{\"@type\":\"ListItem\",\"position\":2,\"name\":\"Mat\u00e9riaux\"}]},{\"@type\":\"WebSite\",\"@id\":\"https:\/\/www.lapirasrl.com\/#website\",\"url\":\"https:\/\/www.lapirasrl.com\/\",\"name\":\"La Pira\",\"description\":\"La forza della pietra\",\"publisher\":{\"@id\":\"https:\/\/www.lapirasrl.com\/#organization\"},\"potentialAction\":[{\"@type\":\"SearchAction\",\"target\":{\"@type\":\"EntryPoint\",\"urlTemplate\":\"https:\/\/www.lapirasrl.com\/?s={search_term_string}\"},\"query-input\":{\"@type\":\"PropertyValueSpecification\",\"valueRequired\":true,\"valueName\":\"search_term_string\"}}],\"inLanguage\":\"fr-FR\"},{\"@type\":\"Organization\",\"@id\":\"https:\/\/www.lapirasrl.com\/#organization\",\"name\":\"La Pira\",\"url\":\"https:\/\/www.lapirasrl.com\/\",\"logo\":{\"@type\":\"ImageObject\",\"inLanguage\":\"fr-FR\",\"@id\":\"https:\/\/www.lapirasrl.com\/#\/schema\/logo\/image\/\",\"url\":\"http:\/\/www.lapirasrl.com\/site\/wp-content\/uploads\/2017\/05\/preloader.png\",\"contentUrl\":\"http:\/\/www.lapirasrl.com\/site\/wp-content\/uploads\/2017\/05\/preloader.png\",\"width\":558,\"height\":580,\"caption\":\"La Pira\"},\"image\":{\"@id\":\"https:\/\/www.lapirasrl.com\/#\/schema\/logo\/image\/\"},\"sameAs\":[\"https:\/\/www.facebook.com\/lapirasrl\/\",\"https:\/\/www.instagram.com\/lapiravilleneuve\/\"]}]}<\/script>\n<!-- \/ Yoast SEO plugin. -->","yoast_head_json":{"title":"Pierre naturelle, marbre, granit - La Pira","description":"Nous travaillons avec passion une gamme importante de pierres naturelles de haute qualit\u00e9 provenant d\u2019Italie et du monde entier.","robots":{"index":"index","follow":"follow","max-snippet":"max-snippet:-1","max-image-preview":"max-image-preview:large","max-video-preview":"max-video-preview:-1"},"canonical":"https:\/\/www.lapirasrl.com\/fr\/materiaux\/","og_locale":"fr_FR","og_type":"article","og_title":"Pierre naturelle, marbre, granit - La Pira","og_description":"Nous travaillons avec passion une gamme importante de pierres naturelles de haute qualit\u00e9 provenant d\u2019Italie et du monde entier.","og_url":"https:\/\/www.lapirasrl.com\/fr\/materiaux\/","og_site_name":"La Pira","article_publisher":"https:\/\/www.facebook.com\/lapirasrl\/","article_modified_time":"2020-01-10T07:51:23+00:00","og_image":[{"width":250,"height":66,"url":"https:\/\/www.lapirasrl.com\/site\/wp-content\/uploads\/2017\/05\/headerlogo.png","type":"image\/png"}],"twitter_card":"summary_large_image","twitter_misc":{"Dur\u00e9e de lecture estim\u00e9e":"3 minutes"},"schema":{"@context":"https:\/\/schema.org","@graph":[{"@type":"WebPage","@id":"https:\/\/www.lapirasrl.com\/fr\/materiaux\/","url":"https:\/\/www.lapirasrl.com\/fr\/materiaux\/","name":"Pierre naturelle, marbre, granit - La Pira","isPartOf":{"@id":"https:\/\/www.lapirasrl.com\/#website"},"datePublished":"2017-07-12T14:13:00+00:00","dateModified":"2020-01-10T07:51:23+00:00","description":"Nous travaillons avec passion une gamme importante de pierres naturelles de haute qualit\u00e9 provenant d\u2019Italie et du monde entier.","breadcrumb":{"@id":"https:\/\/www.lapirasrl.com\/fr\/materiaux\/#breadcrumb"},"inLanguage":"fr-FR","potentialAction":[{"@type":"ReadAction","target":["https:\/\/www.lapirasrl.com\/fr\/materiaux\/"]}]},{"@type":"BreadcrumbList","@id":"https:\/\/www.lapirasrl.com\/fr\/materiaux\/#breadcrumb","itemListElement":[{"@type":"ListItem","position":1,"name":"Home","item":"https:\/\/www.lapirasrl.com\/fr\/"},{"@type":"ListItem","position":2,"name":"Mat\u00e9riaux"}]},{"@type":"WebSite","@id":"https:\/\/www.lapirasrl.com\/#website","url":"https:\/\/www.lapirasrl.com\/","name":"La Pira","description":"La forza della pietra","publisher":{"@id":"https:\/\/www.lapirasrl.com\/#organization"},"potentialAction":[{"@type":"SearchAction","target":{"@type":"EntryPoint","urlTemplate":"https:\/\/www.lapirasrl.com\/?s={search_term_string}"},"query-input":{"@type":"PropertyValueSpecification","valueRequired":true,"valueName":"search_term_string"}}],"inLanguage":"fr-FR"},{"@type":"Organization","@id":"https:\/\/www.lapirasrl.com\/#organization","name":"La Pira","url":"https:\/\/www.lapirasrl.com\/","logo":{"@type":"ImageObject","inLanguage":"fr-FR","@id":"https:\/\/www.lapirasrl.com\/#\/schema\/logo\/image\/","url":"http:\/\/www.lapirasrl.com\/site\/wp-content\/uploads\/2017\/05\/preloader.png","contentUrl":"http:\/\/www.lapirasrl.com\/site\/wp-content\/uploads\/2017\/05\/preloader.png","width":558,"height":580,"caption":"La Pira"},"image":{"@id":"https:\/\/www.lapirasrl.com\/#\/schema\/logo\/image\/"},"sameAs":["https:\/\/www.facebook.com\/lapirasrl\/","https:\/\/www.instagram.com\/lapiravilleneuve\/"]}]}},"_links":{"self":[{"href":"https:\/\/www.lapirasrl.com\/fr\/wp-json\/wp\/v2\/pages\/704"}],"collection":[{"href":"https:\/\/www.lapirasrl.com\/fr\/wp-json\/wp\/v2\/pages"}],"about":[{"href":"https:\/\/www.lapirasrl.com\/fr\/wp-json\/wp\/v2\/types\/page"}],"author":[{"embeddable":true,"href":"https:\/\/www.lapirasrl.com\/fr\/wp-json\/wp\/v2\/users\/1"}],"replies":[{"embeddable":true,"href":"https:\/\/www.lapirasrl.com\/fr\/wp-json\/wp\/v2\/comments?post=704"}],"version-history":[{"count":3,"href":"https:\/\/www.lapirasrl.com\/fr\/wp-json\/wp\/v2\/pages\/704\/revisions"}],"predecessor-version":[{"id":2161,"href":"https:\/\/www.lapirasrl.com\/fr\/wp-json\/wp\/v2\/pages\/704\/revisions\/2161"}],"wp:attachment":[{"href":"https:\/\/www.lapirasrl.com\/fr\/wp-json\/wp\/v2\/media?parent=704"}],"curies":[{"name":"wp","href":"https:\/\/api.w.org\/{rel}","templated":true}]}}